{"id":1894,"date":"2024-04-12T04:18:10","date_gmt":"2024-04-12T04:18:10","guid":{"rendered":"https:\/\/cms.code4rest.com\/wp88\/?page_id=17"},"modified":"2024-09-08T20:01:31","modified_gmt":"2024-09-08T18:01:31","slug":"a-propos-de-la-conciergerie-sante","status":"publish","type":"page","link":"https:\/\/conciergerie-sante.com\/index.php\/a-propos-de-la-conciergerie-sante\/","title":{"rendered":"A propos"},"content":{"rendered":"\t\t<div data-elementor-type=\"wp-page\" data-elementor-id=\"1894\" class=\"elementor elementor-1894\" data-elementor-post-type=\"page\">\n\t\t\t\t\t\t<div class=\"elementor-section elementor-top-section elementor-element elementor-element-ded7e43 elementor-section-boxed elementor-section-height-default elementor-section-height-default\" data-id=\"ded7e43\" data-element_type=\"section\">\n\t\t\t\t\t\t<div class=\"elementor-container elementor-column-gap-default\">\n\t\t\t\t\t<div class=\"elementor-column elementor-col-100 elementor-top-column elementor-element elementor-element-0f0ca36\" data-id=\"0f0ca36\" data-element_type=\"column\">\n\t\t\t<div class=\"elementor-widget-wrap elementor-element-populated\">\n\t\t\t\t\t\t<section class=\"elementor-section elementor-inner-section elementor-element elementor-element-18b760c elementor-section-boxed elementor-section-height-default elementor-section-height-default\" data-id=\"18b760c\" data-element_type=\"section\">\n\t\t\t\t\t\t<div class=\"elementor-container elementor-column-gap-default\">\n\t\t\t\t\t<div class=\"elementor-column elementor-col-50 elementor-inner-column elementor-element elementor-element-74556a1\" data-id=\"74556a1\" data-element_type=\"column\">\n\t\t\t<div class=\"elementor-widget-wrap elementor-element-populated\">\n\t\t\t\t\t\t<div class=\"elementor-element elementor-element-4f11264 elementor-widget elementor-widget-heading\" data-id=\"4f11264\" data-element_type=\"widget\" data-widget_type=\"heading.default\">\n\t\t\t\t<div class=\"elementor-widget-container\">\n\t\t\t\t\t<h2 class=\"elementor-heading-title elementor-size-default\">Qui sommes-nous<\/h2>\t\t\t\t<\/div>\n\t\t\t\t<\/div>\n\t\t\t\t<div class=\"elementor-element elementor-element-c154b52 elementor-widget__width-auto elementor-widget elementor-widget-image\" data-id=\"c154b52\" data-element_type=\"widget\" data-widget_type=\"image.default\">\n\t\t\t\t<div class=\"elementor-widget-container\">\n\t\t\t\t\t\t\t\t\t\t\t\t\t\t\t<img decoding=\"async\" src=\"https:\/\/conciergerie-sante.com\/wp-content\/uploads\/2024\/04\/border.png\" class=\"attachment-full size-full wp-image-118\" alt=\"\" \/>\t\t\t\t\t\t\t\t\t\t\t\t\t\t\t<\/div>\n\t\t\t\t<\/div>\n\t\t\t\t<div class=\"elementor-element elementor-element-2df535f elementor-widget-divider--view-line elementor-widget elementor-widget-divider\" data-id=\"2df535f\" data-element_type=\"widget\" data-widget_type=\"divider.default\">\n\t\t\t\t<div class=\"elementor-widget-container\">\n\t\t\t\t\t\t\t<div class=\"elementor-divider\">\n\t\t\t<span class=\"elementor-divider-separator\">\n\t\t\t\t\t\t<\/span>\n\t\t<\/div>\n\t\t\t\t\t\t<\/div>\n\t\t\t\t<\/div>\n\t\t\t\t<div class=\"elementor-element elementor-element-be2d59c elementor-widget__width-initial elementor-absolute elementor-widget elementor-widget-image\" data-id=\"be2d59c\" data-element_type=\"widget\" data-settings=\"{&quot;_position&quot;:&quot;absolute&quot;}\" data-widget_type=\"image.default\">\n\t\t\t\t<div class=\"elementor-widget-container\">\n\t\t\t\t\t\t\t\t\t\t\t\t\t\t\t<img fetchpriority=\"high\" decoding=\"async\" width=\"1999\" height=\"1999\" src=\"https:\/\/conciergerie-sante.com\/wp-content\/uploads\/2024\/09\/Blank-3-Grids-Collage.png\" class=\"attachment-full size-full wp-image-2326\" alt=\"\" srcset=\"https:\/\/conciergerie-sante.com\/wp-content\/uploads\/2024\/09\/Blank-3-Grids-Collage.png 1999w, https:\/\/conciergerie-sante.com\/wp-content\/uploads\/2024\/09\/Blank-3-Grids-Collage-300x300.png 300w, https:\/\/conciergerie-sante.com\/wp-content\/uploads\/2024\/09\/Blank-3-Grids-Collage-1024x1024.png 1024w, https:\/\/conciergerie-sante.com\/wp-content\/uploads\/2024\/09\/Blank-3-Grids-Collage-150x150.png 150w, https:\/\/conciergerie-sante.com\/wp-content\/uploads\/2024\/09\/Blank-3-Grids-Collage-768x768.png 768w, https:\/\/conciergerie-sante.com\/wp-content\/uploads\/2024\/09\/Blank-3-Grids-Collage-1536x1536.png 1536w, https:\/\/conciergerie-sante.com\/wp-content\/uploads\/2024\/09\/Blank-3-Grids-Collage-600x600.png 600w, https:\/\/conciergerie-sante.com\/wp-content\/uploads\/2024\/09\/Blank-3-Grids-Collage-100x100.png 100w\" sizes=\"(max-width: 1999px) 100vw, 1999px\" \/>\t\t\t\t\t\t\t\t\t\t\t\t\t\t\t<\/div>\n\t\t\t\t<\/div>\n\t\t\t\t\t<\/div>\n\t\t<\/div>\n\t\t\t\t<div class=\"elementor-column elementor-col-50 elementor-inner-column elementor-element elementor-element-f28534c\" data-id=\"f28534c\" data-element_type=\"column\">\n\t\t\t<div class=\"elementor-widget-wrap elementor-element-populated\">\n\t\t\t\t\t\t<div class=\"elementor-element elementor-element-bb35991 elementor-widget elementor-widget-heading\" data-id=\"bb35991\" data-element_type=\"widget\" data-widget_type=\"heading.default\">\n\t\t\t\t<div class=\"elementor-widget-container\">\n\t\t\t\t\t<h2 class=\"elementor-heading-title elementor-size-default\">Un fondateur & beaucoup de contributeurs<\/h2>\t\t\t\t<\/div>\n\t\t\t\t<\/div>\n\t\t\t\t<div class=\"elementor-element elementor-element-b683ed7 elementor-widget elementor-widget-text-editor\" data-id=\"b683ed7\" data-element_type=\"widget\" data-widget_type=\"text-editor.default\">\n\t\t\t\t<div class=\"elementor-widget-container\">\n\t\t\t\t\t\t\t\t\t<p style=\"text-align: center;\">Derri\u00e8re l&rsquo;intelligence artificielle se trouvent des centaines de personnes et d&rsquo;expertises. Herv\u00e9 Tour\u00e9, ancien athl\u00e8te de haut niveau, a fond\u00e9 ce projet apr\u00e8s 8 ans de R&amp;D, un prix d&rsquo;innovation et un essai clinique en 2020.<\/p><p style=\"text-align: center;\">De nombreux professionnels de sant\u00e9, comme le professeur Bernard Schmitt et Anne Leluel (PhD), ont contribu\u00e9. Ces experts ont jou\u00e9 un r\u00f4le cl\u00e9 dans l&rsquo;accompagnement du fondateur.<\/p><p style=\"text-align: center;\">Enfin, un grand nombre d&rsquo;\u00e9tudes et th\u00e8ses ont consolid\u00e9 cette m\u00e9thodologie innovante, reconnue pour sa pr\u00e9cision et son avant-gardisme.<\/p><p style=\"text-align: center;\">Une solution n\u00e9e du sport de haut niveau, structur\u00e9e par la recherche et aff\u00fbt\u00e9 via une expertise terrain.<\/p>\t\t\t\t\t\t\t\t<\/div>\n\t\t\t\t<\/div>\n\t\t\t\t<div class=\"elementor-element elementor-element-6d15ef8 elementor-tablet-align-center elementor-widget elementor-widget-button\" data-id=\"6d15ef8\" data-element_type=\"widget\" data-widget_type=\"button.default\">\n\t\t\t\t<div class=\"elementor-widget-container\">\n\t\t\t\t\t\t\t\t\t<div class=\"elementor-button-wrapper\">\n\t\t\t\t\t<a class=\"elementor-button elementor-button-link elementor-size-sm\" href=\"mailto:herve.toure@lifextend.ovh\">\n\t\t\t\t\t\t<span class=\"elementor-button-content-wrapper\">\n\t\t\t\t\t\t\t\t\t<span class=\"elementor-button-text\">PRENDRE RENDEZ-VOUS<\/span>\n\t\t\t\t\t<\/span>\n\t\t\t\t\t<\/a>\n\t\t\t\t<\/div>\n\t\t\t\t\t\t\t\t<\/div>\n\t\t\t\t<\/div>\n\t\t\t\t\t<\/div>\n\t\t<\/div>\n\t\t\t\t\t<\/div>\n\t\t<\/section>\n\t\t\t\t\t<\/div>\n\t\t<\/div>\n\t\t\t\t\t<\/div>\n\t\t<\/div>\n\t\t\t\t<div class=\"elementor-section elementor-top-section elementor-element elementor-element-d0d06b0 elementor-section-full_width elementor-section-stretched elementor-section-height-default elementor-section-height-default\" data-id=\"d0d06b0\" data-element_type=\"section\" data-settings=\"{&quot;stretch_section&quot;:&quot;section-stretched&quot;}\">\n\t\t\t\t\t\t<div class=\"elementor-container elementor-column-gap-default\">\n\t\t\t\t\t<div class=\"elementor-column elementor-col-100 elementor-top-column elementor-element elementor-element-badd9ee\" data-id=\"badd9ee\" data-element_type=\"column\">\n\t\t\t<div class=\"elementor-widget-wrap\">\n\t\t\t\t\t\t\t<\/div>\n\t\t<\/div>\n\t\t\t\t\t<\/div>\n\t\t<\/div>\n\t\t\t\t<div class=\"elementor-section elementor-top-section elementor-element elementor-element-147ec5b elementor-section-boxed elementor-section-height-default elementor-section-height-default\" data-id=\"147ec5b\" data-element_type=\"section\">\n\t\t\t\t\t\t<div class=\"elementor-container elementor-column-gap-default\">\n\t\t\t\t\t<div class=\"elementor-column elementor-col-100 elementor-top-column elementor-element elementor-element-beec722\" data-id=\"beec722\" data-element_type=\"column\">\n\t\t\t<div class=\"elementor-widget-wrap elementor-element-populated\">\n\t\t\t\t\t\t<section class=\"elementor-section elementor-inner-section elementor-element elementor-element-4d44735 elementor-section-boxed elementor-section-height-default elementor-section-height-default\" data-id=\"4d44735\" data-element_type=\"section\">\n\t\t\t\t\t\t<div class=\"elementor-container elementor-column-gap-default\">\n\t\t\t\t\t<div class=\"elementor-column elementor-col-50 elementor-inner-column elementor-element elementor-element-9b35a8a\" data-id=\"9b35a8a\" data-element_type=\"column\">\n\t\t\t<div class=\"elementor-widget-wrap elementor-element-populated\">\n\t\t\t\t\t\t<div class=\"elementor-element elementor-element-048ac2a elementor-widget elementor-widget-heading\" data-id=\"048ac2a\" data-element_type=\"widget\" data-widget_type=\"heading.default\">\n\t\t\t\t<div class=\"elementor-widget-container\">\n\t\t\t\t\t<h2 class=\"elementor-heading-title elementor-size-default\">Pr\u00e9cision<\/h2>\t\t\t\t<\/div>\n\t\t\t\t<\/div>\n\t\t\t\t<div class=\"elementor-element elementor-element-e799f1a elementor-widget__width-auto elementor-widget elementor-widget-image\" data-id=\"e799f1a\" data-element_type=\"widget\" data-widget_type=\"image.default\">\n\t\t\t\t<div class=\"elementor-widget-container\">\n\t\t\t\t\t\t\t\t\t\t\t\t\t\t\t<img decoding=\"async\" src=\"https:\/\/conciergerie-sante.com\/wp-content\/uploads\/2024\/04\/border-02.png\" class=\"attachment-full size-full wp-image-214\" alt=\"\" \/>\t\t\t\t\t\t\t\t\t\t\t\t\t\t\t<\/div>\n\t\t\t\t<\/div>\n\t\t\t\t<div class=\"elementor-element elementor-element-9ca53e8 elementor-widget__width-initial elementor-absolute elementor-widget-tablet__width-initial elementor-widget-mobile__width-initial elementor-widget elementor-widget-image\" data-id=\"9ca53e8\" data-element_type=\"widget\" data-settings=\"{&quot;_position&quot;:&quot;absolute&quot;}\" data-widget_type=\"image.default\">\n\t\t\t\t<div class=\"elementor-widget-container\">\n\t\t\t\t\t\t\t\t\t\t\t\t\t\t\t<img decoding=\"async\" width=\"768\" height=\"1024\" src=\"https:\/\/conciergerie-sante.com\/wp-content\/uploads\/2024\/08\/IMG-20230927-WA0030-BBB.jpg\" class=\"attachment-full size-full wp-image-2149\" alt=\"\" srcset=\"https:\/\/conciergerie-sante.com\/wp-content\/uploads\/2024\/08\/IMG-20230927-WA0030-BBB.jpg 768w, https:\/\/conciergerie-sante.com\/wp-content\/uploads\/2024\/08\/IMG-20230927-WA0030-BBB-225x300.jpg 225w, https:\/\/conciergerie-sante.com\/wp-content\/uploads\/2024\/08\/IMG-20230927-WA0030-BBB-600x800.jpg 600w\" sizes=\"(max-width: 768px) 100vw, 768px\" \/>\t\t\t\t\t\t\t\t\t\t\t\t\t\t\t<\/div>\n\t\t\t\t<\/div>\n\t\t\t\t<div class=\"elementor-element elementor-element-a44c3f2 elementor-widget__width-initial elementor-absolute elementor-widget-mobile__width-auto elementor-widget elementor-widget-image\" data-id=\"a44c3f2\" data-element_type=\"widget\" data-settings=\"{&quot;_position&quot;:&quot;absolute&quot;,&quot;motion_fx_motion_fx_scrolling&quot;:&quot;yes&quot;,&quot;motion_fx_translateY_effect&quot;:&quot;yes&quot;,&quot;motion_fx_translateY_speed&quot;:{&quot;unit&quot;:&quot;px&quot;,&quot;size&quot;:2,&quot;sizes&quot;:[]},&quot;motion_fx_translateY_affectedRange&quot;:{&quot;unit&quot;:&quot;%&quot;,&quot;size&quot;:&quot;&quot;,&quot;sizes&quot;:{&quot;start&quot;:0,&quot;end&quot;:100}},&quot;motion_fx_devices&quot;:[&quot;desktop&quot;,&quot;tablet&quot;,&quot;mobile&quot;]}\" data-widget_type=\"image.default\">\n\t\t\t\t<div class=\"elementor-widget-container\">\n\t\t\t\t\t\t\t\t\t\t\t\t\t\t\t<img decoding=\"async\" width=\"3072\" height=\"2480\" src=\"https:\/\/conciergerie-sante.com\/wp-content\/uploads\/2024\/08\/IMG_20230927_205256-BBB.png\" class=\"attachment-full size-full wp-image-2150\" alt=\"\" srcset=\"https:\/\/conciergerie-sante.com\/wp-content\/uploads\/2024\/08\/IMG_20230927_205256-BBB.png 3072w, https:\/\/conciergerie-sante.com\/wp-content\/uploads\/2024\/08\/IMG_20230927_205256-BBB-300x242.png 300w, https:\/\/conciergerie-sante.com\/wp-content\/uploads\/2024\/08\/IMG_20230927_205256-BBB-1024x827.png 1024w, https:\/\/conciergerie-sante.com\/wp-content\/uploads\/2024\/08\/IMG_20230927_205256-BBB-768x620.png 768w, https:\/\/conciergerie-sante.com\/wp-content\/uploads\/2024\/08\/IMG_20230927_205256-BBB-1536x1240.png 1536w, https:\/\/conciergerie-sante.com\/wp-content\/uploads\/2024\/08\/IMG_20230927_205256-BBB-2048x1653.png 2048w, https:\/\/conciergerie-sante.com\/wp-content\/uploads\/2024\/08\/IMG_20230927_205256-BBB-600x484.png 600w\" sizes=\"(max-width: 3072px) 100vw, 3072px\" \/>\t\t\t\t\t\t\t\t\t\t\t\t\t\t\t<\/div>\n\t\t\t\t<\/div>\n\t\t\t\t\t<\/div>\n\t\t<\/div>\n\t\t\t\t<div class=\"elementor-column elementor-col-50 elementor-inner-column elementor-element elementor-element-3e8c622\" data-id=\"3e8c622\" data-element_type=\"column\">\n\t\t\t<div class=\"elementor-widget-wrap elementor-element-populated\">\n\t\t\t\t\t\t<div class=\"elementor-element elementor-element-956f55b elementor-widget elementor-widget-heading\" data-id=\"956f55b\" data-element_type=\"widget\" data-widget_type=\"heading.default\">\n\t\t\t\t<div class=\"elementor-widget-container\">\n\t\t\t\t\t<h2 class=\"elementor-heading-title elementor-size-default\">UN SAVOIR-FAIRE UNIQUE<\/h2>\t\t\t\t<\/div>\n\t\t\t\t<\/div>\n\t\t\t\t<div class=\"elementor-element elementor-element-ff5bb52 elementor-widget elementor-widget-text-editor\" data-id=\"ff5bb52\" data-element_type=\"widget\" data-widget_type=\"text-editor.default\">\n\t\t\t\t<div class=\"elementor-widget-container\">\n\t\t\t\t\t\t\t\t\t<p>C&rsquo;est votre premi\u00e8re fois dans une conciergerie sant\u00e9 ?<br>\nPrenez le temps, prenez le temps de savourer votre entr\u00e9e dans la grande cour, celle des personnes qui ont acc\u00e8s au meilleur et pour longtemps.<br>\nQue ce soit par vos relations, vos amis, vous avez d\u00e9couvert la solution de conciergerie sant\u00e9, vous \u00eates donc un privil\u00e9gi\u00e9. Vous pouvez en parler \u00e0 un proche, mais nous pr\u00f4nons la discr\u00e9tion.<\/p>\t\t\t\t\t\t\t\t<\/div>\n\t\t\t\t<\/div>\n\t\t\t\t<div class=\"elementor-element elementor-element-69c663e elementor-tablet-align-center elementor-align-center elementor-widget elementor-widget-button\" data-id=\"69c663e\" data-element_type=\"widget\" data-widget_type=\"button.default\">\n\t\t\t\t<div class=\"elementor-widget-container\">\n\t\t\t\t\t\t\t\t\t<div class=\"elementor-button-wrapper\">\n\t\t\t\t\t<a class=\"elementor-button elementor-button-link elementor-size-sm\" href=\"https:\/\/api.whatsapp.com\/send?phone=+33632237099\">\n\t\t\t\t\t\t<span class=\"elementor-button-content-wrapper\">\n\t\t\t\t\t\t\t\t\t<span class=\"elementor-button-text\">PRENDRE RENDEZ-VOUS<\/span>\n\t\t\t\t\t<\/span>\n\t\t\t\t\t<\/a>\n\t\t\t\t<\/div>\n\t\t\t\t\t\t\t\t<\/div>\n\t\t\t\t<\/div>\n\t\t\t\t\t<\/div>\n\t\t<\/div>\n\t\t\t\t\t<\/div>\n\t\t<\/section>\n\t\t\t\t\t<\/div>\n\t\t<\/div>\n\t\t\t\t\t<\/div>\n\t\t<\/div>\n\t\t<div class=\"elementor-element elementor-element-63a3f7a e-flex e-con-boxed e-con e-parent\" data-id=\"63a3f7a\" data-element_type=\"container\">\n\t\t\t\t\t<div class=\"e-con-inner\">\n\t\t\t\t<div class=\"elementor-element elementor-element-a37e9be elementor-tablet-align-center elementor-align-center elementor-widget elementor-widget-button\" data-id=\"a37e9be\" data-element_type=\"widget\" data-widget_type=\"button.default\">\n\t\t\t\t<div class=\"elementor-widget-container\">\n\t\t\t\t\t\t\t\t\t<div class=\"elementor-button-wrapper\">\n\t\t\t\t\t<a class=\"elementor-button elementor-button-link elementor-size-sm\" href=\"https:\/\/conciergerie-sante.com\/index.php\/nos-services-conciergerie-sante\/\">\n\t\t\t\t\t\t<span class=\"elementor-button-content-wrapper\">\n\t\t\t\t\t\t\t\t\t<span class=\"elementor-button-text\">D\u00c9COUVRIR NOS OFFRES<\/span>\n\t\t\t\t\t<\/span>\n\t\t\t\t\t<\/a>\n\t\t\t\t<\/div>\n\t\t\t\t\t\t\t\t<\/div>\n\t\t\t\t<\/div>\n\t\t\t\t\t<\/div>\n\t\t\t\t<\/div>\n\t\t\t\t<\/div>\n\t\t","protected":false},"excerpt":{"rendered":"<p>Qui sommes-nous Un fondateur &#038; beaucoup de contributeurs Derri\u00e8re l&rsquo;intelligence artificielle se trouvent des centaines de personnes et d&rsquo;expertises. Herv\u00e9 Tour\u00e9, ancien athl\u00e8te de haut niveau, a fond\u00e9 ce projet apr\u00e8s 8 ans de R&amp;D, un prix d&rsquo;innovation et un essai clinique en 2020. De nombreux professionnels de sant\u00e9, comme le professeur Bernard Schmitt et&#8230;<\/p>\n","protected":false},"author":2,"featured_media":908,"parent":0,"menu_order":0,"comment_status":"closed","ping_status":"closed","template":"","meta":{"_kad_post_transparent":"","_kad_post_title":"default","_kad_post_layout":"default","_kad_post_sidebar_id":"","_kad_post_content_style":"unboxed","_kad_post_vertical_padding":"default","_kad_post_feature":"default","_kad_post_feature_position":"","_kad_post_header":false,"_kad_post_footer":false,"footnotes":""},"class_list":["post-1894","page","type-page","status-publish","has-post-thumbnail","hentry"],"_links":{"self":[{"href":"https:\/\/conciergerie-sante.com\/index.php\/wp-json\/wp\/v2\/pages\/1894","targetHints":{"allow":["GET"]}}],"collection":[{"href":"https:\/\/conciergerie-sante.com\/index.php\/wp-json\/wp\/v2\/pages"}],"about":[{"href":"https:\/\/conciergerie-sante.com\/index.php\/wp-json\/wp\/v2\/types\/page"}],"author":[{"embeddable":true,"href":"https:\/\/conciergerie-sante.com\/index.php\/wp-json\/wp\/v2\/users\/2"}],"replies":[{"embeddable":true,"href":"https:\/\/conciergerie-sante.com\/index.php\/wp-json\/wp\/v2\/comments?post=1894"}],"version-history":[{"count":48,"href":"https:\/\/conciergerie-sante.com\/index.php\/wp-json\/wp\/v2\/pages\/1894\/revisions"}],"predecessor-version":[{"id":2348,"href":"https:\/\/conciergerie-sante.com\/index.php\/wp-json\/wp\/v2\/pages\/1894\/revisions\/2348"}],"wp:featuredmedia":[{"embeddable":true,"href":"https:\/\/conciergerie-sante.com\/index.php\/wp-json\/wp\/v2\/media\/908"}],"wp:attachment":[{"href":"https:\/\/conciergerie-sante.com\/index.php\/wp-json\/wp\/v2\/media?parent=1894"}],"curies":[{"name":"wp","href":"https:\/\/api.w.org\/{rel}","templated":true}]}}